{"id":1121,"date":"2019-02-06T11:55:00","date_gmt":"2019-02-06T10:55:00","guid":{"rendered":"https:\/\/www.caves-leuck.lu\/?page_id=1121"},"modified":"2019-02-06T15:26:19","modified_gmt":"2019-02-06T14:26:19","slug":"ueber-uns","status":"publish","type":"page","link":"https:\/\/www.caves-leuck.lu\/de\/ueber-uns\/","title":{"rendered":"\u00dcber uns"},"content":{"rendered":"<p>[vc_row][vc_column][vc_row_inner][vc_column_inner width=&#8220;1\/2&#8243;][vc_single_image image=&#8220;1153&#8243; img_size=&#8220;full&#8220;][vc_column_text css=&#8220;.vc_custom_1549450528272{padding-top: 10% !important;padding-right: 10% !important;padding-bottom: 10% !important;padding-left: 10% !important;}&#8220;]Seit 2001 arbeitet auch die dritte Generation auf dem Weingut. Nach seinen Studien in Trier und Bernkastel wurde Pol der neue Kellermeister der Caves Leuck-Thull. Das Weingut vergr\u00f6\u00dfert sich seitdem von Jahr zu Jahr.<\/p>\n<p>Der Au\u00dfenbetrieb, der technische Bereich im Keller mit seinen Maschinen und die Traubenannahme sind bis heute auf dem neuesten Stand.<br \/>\n[\/vc_column_text][\/vc_column_inner][vc_column_inner width=&#8220;1\/2&#8243;][vc_column_text css=&#8220;.vc_custom_1549450520876{padding-top: 0px !important;padding-right: 10% !important;padding-bottom: 10% !important;padding-left: 10% !important;}&#8220;]Die Familie Leuck betreibt Weinbau bereits seit drei Generationen. Die Geschichte beginnt im Jahr 1966, als Pierre Leuck die Entscheidung traf, sich ausschlie\u00dflich dem Weinbau zu widmen.<\/p>\n<p>1987 wurde die zweite Generation, Sohn Jean und dessen Frau Josiane, in den Weinbetrieb der Caves Leuck-Thull aufgenommen. Das Weingut entwickelte sich von Anfang an sehr erfolgreich, so dass der Fasskeller 1987 vergr\u00f6\u00dfert und seither Edelstahltanks eingesetzt werden.[\/vc_column_text][vc_single_image image=&#8220;1133&#8243; img_size=&#8220;full&#8220;][\/vc_column_inner][\/vc_row_inner][\/vc_column][\/vc_row][vc_row full_width=&#8220;stretch_row_content&#8220; css=&#8220;.vc_custom_1498039290081{padding-right: 15px !important;padding-left: 15px !important;background-color: #000000 !important;}&#8220;][vc_column]\n\t<div class=\"\">\n\t<div class=\"gg_images_slider\">\n\t<div  data-slick='{  \"slidesToShow\": 3,  \"arrows\": true,  \"dots\": true,  \"autoplay\": true,  \"infinite\": true,  \"slidesToScroll\": 1,  \"responsive\": [{\"breakpoint\": 1024, \"settings\": {\"slidesToShow\": 3, \"slidesToScroll\": 1}}, {\"breakpoint\": 600, \"settings\": {\"slidesToShow\": 2, \"slidesToScroll\": 1}}, {\"breakpoint\": 480, \"settings\": {\"slidesToShow\": 1, \"slidesToScroll\": 1}}]  }'  class=\"el-grid no_magnific products row gg-slick-carousel \" data-layout-mode=\"fitRows\" data-pagination=\"\"><div class=\"3\"><img loading=\"lazy\" decoding=\"async\" width=\"567\" height=\"363\" src=\"https:\/\/www.caves-leuck.lu\/wp-content\/uploads\/2019\/02\/image-caves.png\" class=\"attachment-full\" alt=\"\" srcset=\"https:\/\/www.caves-leuck.lu\/wp-content\/uploads\/2019\/02\/image-caves.png 567w, https:\/\/www.caves-leuck.lu\/wp-content\/uploads\/2019\/02\/image-caves-300x192.png 300w\" sizes=\"auto, (max-width: 567px) 100vw, 567px\" \/><\/div><div class=\"3\"><img loading=\"lazy\" decoding=\"async\" width=\"567\" height=\"495\" src=\"https:\/\/www.caves-leuck.lu\/wp-content\/uploads\/2019\/02\/image-terroir.jpg\" class=\"attachment-full\" alt=\"\" srcset=\"https:\/\/www.caves-leuck.lu\/wp-content\/uploads\/2019\/02\/image-terroir.jpg 567w, https:\/\/www.caves-leuck.lu\/wp-content\/uploads\/2019\/02\/image-terroir-300x262.jpg 300w\" sizes=\"auto, (max-width: 567px) 100vw, 567px\" \/><\/div><div class=\"3\"><img loading=\"lazy\" decoding=\"async\" width=\"567\" height=\"495\" src=\"https:\/\/www.caves-leuck.lu\/wp-content\/uploads\/2019\/02\/image-weinberge.jpg\" class=\"attachment-full\" alt=\"\" srcset=\"https:\/\/www.caves-leuck.lu\/wp-content\/uploads\/2019\/02\/image-weinberge.jpg 567w, https:\/\/www.caves-leuck.lu\/wp-content\/uploads\/2019\/02\/image-weinberge-300x262.jpg 300w\" sizes=\"auto, (max-width: 567px) 100vw, 567px\" \/><\/div><div class=\"3\"><img loading=\"lazy\" decoding=\"async\" width=\"1920\" height=\"900\" src=\"https:\/\/www.caves-leuck.lu\/wp-content\/uploads\/2019\/02\/leuck-thull-slider-2.jpg\" class=\"attachment-full\" alt=\"\" srcset=\"https:\/\/www.caves-leuck.lu\/wp-content\/uploads\/2019\/02\/leuck-thull-slider-2.jpg 1920w, https:\/\/www.caves-leuck.lu\/wp-content\/uploads\/2019\/02\/leuck-thull-slider-2-300x141.jpg 300w, https:\/\/www.caves-leuck.lu\/wp-content\/uploads\/2019\/02\/leuck-thull-slider-2-768x360.jpg 768w, https:\/\/www.caves-leuck.lu\/wp-content\/uploads\/2019\/02\/leuck-thull-slider-2-1024x480.jpg 1024w\" sizes=\"auto, (max-width: 1920px) 100vw, 1920px\" \/><\/div><div class=\"3\"><img loading=\"lazy\" decoding=\"async\" width=\"1920\" height=\"900\" src=\"https:\/\/www.caves-leuck.lu\/wp-content\/uploads\/2019\/02\/leuck-thull-slider-1.jpg\" class=\"attachment-full\" alt=\"\" srcset=\"https:\/\/www.caves-leuck.lu\/wp-content\/uploads\/2019\/02\/leuck-thull-slider-1.jpg 1920w, https:\/\/www.caves-leuck.lu\/wp-content\/uploads\/2019\/02\/leuck-thull-slider-1-300x141.jpg 300w, https:\/\/www.caves-leuck.lu\/wp-content\/uploads\/2019\/02\/leuck-thull-slider-1-768x360.jpg 768w, https:\/\/www.caves-leuck.lu\/wp-content\/uploads\/2019\/02\/leuck-thull-slider-1-1024x480.jpg 1024w\" sizes=\"auto, (max-width: 1920px) 100vw, 1920px\" \/><\/div>\n\t<\/div>\n\t<\/div>\n\t<\/div>[\/vc_column][\/vc_row]<\/p>\n","protected":false},"excerpt":{"rendered":"<p>[vc_row][vc_column][vc_row_inner][vc_column_inner width=&#8220;1\/2&#8243;][vc_single_image image=&#8220;1153&#8243; img_size=&#8220;full&#8220;][vc_column_text css=&#8220;.vc_custom_1549450528272{padding-top: 10% !important;padding-right: 10% !important;padding-bottom: 10% !important;padding-left: 10% !important;}&#8220;]Seit 2001 arbeitet auch die dritte Generation auf dem Weingut. Nach seinen Studien in Trier und Bernkastel wurde Pol der neue Kellermeister der Caves Leuck-Thull. Das Weingut vergr\u00f6\u00dfert sich seitdem von Jahr zu Jahr. Der Au\u00dfenbetrieb, der technische Bereich im Keller mit seinen<br class=\"read-more-spacer\"> <a class=\"more-link\" href=\"https:\/\/www.caves-leuck.lu\/de\/ueber-uns\/\">Read More<\/a><\/p>\n","protected":false},"author":1,"featured_media":1147,"parent":0,"menu_order":0,"comment_status":"closed","ping_status":"closed","template":"","meta":{"footnotes":""},"class_list":["post-1121","page","type-page","status-publish","has-post-thumbnail","hentry"],"_links":{"self":[{"href":"https:\/\/www.caves-leuck.lu\/de\/wp-json\/wp\/v2\/pages\/1121","targetHints":{"allow":["GET"]}}],"collection":[{"href":"https:\/\/www.caves-leuck.lu\/de\/wp-json\/wp\/v2\/pages"}],"about":[{"href":"https:\/\/www.caves-leuck.lu\/de\/wp-json\/wp\/v2\/types\/page"}],"author":[{"embeddable":true,"href":"https:\/\/www.caves-leuck.lu\/de\/wp-json\/wp\/v2\/users\/1"}],"replies":[{"embeddable":true,"href":"https:\/\/www.caves-leuck.lu\/de\/wp-json\/wp\/v2\/comments?post=1121"}],"version-history":[{"count":7,"href":"https:\/\/www.caves-leuck.lu\/de\/wp-json\/wp\/v2\/pages\/1121\/revisions"}],"predecessor-version":[{"id":1201,"href":"https:\/\/www.caves-leuck.lu\/de\/wp-json\/wp\/v2\/pages\/1121\/revisions\/1201"}],"wp:featuredmedia":[{"embeddable":true,"href":"https:\/\/www.caves-leuck.lu\/de\/wp-json\/wp\/v2\/media\/1147"}],"wp:attachment":[{"href":"https:\/\/www.caves-leuck.lu\/de\/wp-json\/wp\/v2\/media?parent=1121"}],"curies":[{"name":"wp","href":"https:\/\/api.w.org\/{rel}","templated":true}]}}